{"id":12522,"date":"2022-12-08T17:30:56","date_gmt":"2022-12-08T16:30:56","guid":{"rendered":"https:\/\/zestmeup.com\/?page_id=12522"},"modified":"2023-10-09T16:19:14","modified_gmt":"2023-10-09T14:19:14","slug":"impressum","status":"publish","type":"page","link":"https:\/\/zestmeup.com\/de\/impressum\/","title":{"rendered":"Impressum"},"content":{"rendered":"<p><strong>Zestmeup SAS<\/strong><\/p>\n<p><strong>85 rue Magenta <\/strong><\/p>\n<p><strong>92600 Asni\u00e8res-sur-Seine <\/strong><\/p>\n<p><strong>Frankreich<\/strong><\/p>\n<p>Tel.: +33 (0)9 72 62 16 90<\/p>\n<p>E-mail: <a href=\"mailto:contact@zestmeup.com\">contact@zestmeup.com<\/a><\/p>\n<p>Gesch\u00e4ftsf\u00fchrung: Christophe Bergeon<\/p>\n<p>Siret: 81163277700025 &#8211; Naf: 6201Z &#8211; TVA: FR 75 811632777 &#8211; RCS Nanterre 811 632 777 SAS<\/p>\n<p>Die Webseite <a href=\"https:\/\/zestmeup.com\/\">www.zestmeup.com<\/a> ist ein Objekt der Zestmeup SAS, Frankreich.<\/p>\n","protected":false},"excerpt":{"rendered":"<p>Zestmeup SAS 85 rue Magenta 92600 Asni\u00e8res-sur-Seine Frankreich Tel.: +33 (0)9 72 62 16 90 E-mail: contact@zestmeup.com Gesch\u00e4ftsf\u00fchrung: Christophe Bergeon Siret: 81163277700025 &#8211; Naf: 6201Z &#8211; TVA: FR 75 811632777 &#8211; RCS Nanterre 811 632 777 SAS Die Webseite www.zestmeup.com ist ein Objekt der Zestmeup SAS, Frankreich.<\/p>\n","protected":false},"author":15,"featured_media":0,"parent":0,"menu_order":0,"comment_status":"closed","ping_status":"closed","template":"page-templates\/t-c-page.php","meta":{"inline_featured_image":false,"footnotes":""},"class_list":["post-12522","page","type-page","status-publish","hentry"],"_links":{"self":[{"href":"https:\/\/zestmeup.com\/de\/wp-json\/wp\/v2\/pages\/12522","targetHints":{"allow":["GET"]}}],"collection":[{"href":"https:\/\/zestmeup.com\/de\/wp-json\/wp\/v2\/pages"}],"about":[{"href":"https:\/\/zestmeup.com\/de\/wp-json\/wp\/v2\/types\/page"}],"author":[{"embeddable":true,"href":"https:\/\/zestmeup.com\/de\/wp-json\/wp\/v2\/users\/15"}],"replies":[{"embeddable":true,"href":"https:\/\/zestmeup.com\/de\/wp-json\/wp\/v2\/comments?post=12522"}],"version-history":[{"count":2,"href":"https:\/\/zestmeup.com\/de\/wp-json\/wp\/v2\/pages\/12522\/revisions"}],"predecessor-version":[{"id":16899,"href":"https:\/\/zestmeup.com\/de\/wp-json\/wp\/v2\/pages\/12522\/revisions\/16899"}],"wp:attachment":[{"href":"https:\/\/zestmeup.com\/de\/wp-json\/wp\/v2\/media?parent=12522"}],"curies":[{"name":"wp","href":"https:\/\/api.w.org\/{rel}","templated":true}]}}