{"id":12624,"date":"2022-12-13T16:16:09","date_gmt":"2022-12-13T15:16:09","guid":{"rendered":"https:\/\/zestmeup.com\/?page_id=12624"},"modified":"2022-12-15T13:12:52","modified_gmt":"2022-12-15T12:12:52","slug":"sicherheit-und-schutz-ihrer-daten","status":"publish","type":"page","link":"https:\/\/zestmeup.com\/de\/sicherheit-und-schutz-ihrer-daten\/","title":{"rendered":"Sicherheit und Datenschutz"},"content":{"rendered":"<h3><strong>Allgemeine GDPR\/DSGVO Bestimmungen <\/strong><\/h3>\n<p>Zestmeup ist ein Unternehmen nach franz\u00f6sischem Recht und seine Teams sind in Frankreich ans\u00e4ssig.<\/p>\n<p>Die DSGVO-Rechtsgrundlage f\u00fcr die Nutzung von Zest ist das berechtigte Interesse und die Nutzer erhalten systematisch eine DSGVO-Warnung, wenn sie sich zum ersten Mal anmelden. Die Nutzer haben das Recht auf Zugang, Berichtigung, L\u00f6schung sowie das Recht, die Einschr\u00e4nkung der Verarbeitung zu verlangen oder der Verarbeitung zu widersprechen.<\/p>\n<h3><strong>Hosting<\/strong><\/h3>\n<p>Die Daten werden in Frankreich bei OVH gehostet, das nach ISO 27001, SOC 1 &amp; SOC2 zertifiziert ist.<\/p>\n<h3><strong>Schutz und Speicherung der Daten <\/strong><\/h3>\n<p>Alle Verbindungen sind mit HTTPS gesichert.<\/p>\n<p>Es werden keine Aktivit\u00e4tsdaten \u00fcber die mobile Anwendung verwendet oder gespeichert.<\/p>\n<p>Die Daten werden w\u00e4hrend der gesamten Vertragslaufzeit mit Zest und bis zu 60 Tage nach Beendigung des Vertrags gespeichert.<\/p>\n<h3><strong>Sicherheitsrichtlinie f\u00fcr Passw\u00f6rter<\/strong><\/h3>\n<p>Passw\u00f6rter werden verschl\u00fcsselt und der Verschl\u00fcsselungsmodus kann vom Superadministrator eingestellt werden.<\/p>\n","protected":false},"excerpt":{"rendered":"<p>Allgemeine GDPR\/DSGVO Bestimmungen Zestmeup ist ein Unternehmen nach franz\u00f6sischem Recht und seine Teams sind in Frankreich ans\u00e4ssig. Die DSGVO-Rechtsgrundlage f\u00fcr die Nutzung von Zest ist das berechtigte Interesse und die Nutzer erhalten systematisch eine DSGVO-Warnung, wenn sie sich zum ersten Mal anmelden. Die Nutzer haben das Recht auf Zugang, Berichtigung, L\u00f6schung sowie das Recht, die [&hellip;]<\/p>\n","protected":false},"author":15,"featured_media":0,"parent":0,"menu_order":0,"comment_status":"closed","ping_status":"closed","template":"page-templates\/t-c-page.php","meta":{"inline_featured_image":false,"footnotes":""},"class_list":["post-12624","page","type-page","status-publish","hentry"],"_links":{"self":[{"href":"https:\/\/zestmeup.com\/de\/wp-json\/wp\/v2\/pages\/12624","targetHints":{"allow":["GET"]}}],"collection":[{"href":"https:\/\/zestmeup.com\/de\/wp-json\/wp\/v2\/pages"}],"about":[{"href":"https:\/\/zestmeup.com\/de\/wp-json\/wp\/v2\/types\/page"}],"author":[{"embeddable":true,"href":"https:\/\/zestmeup.com\/de\/wp-json\/wp\/v2\/users\/15"}],"replies":[{"embeddable":true,"href":"https:\/\/zestmeup.com\/de\/wp-json\/wp\/v2\/comments?post=12624"}],"version-history":[{"count":4,"href":"https:\/\/zestmeup.com\/de\/wp-json\/wp\/v2\/pages\/12624\/revisions"}],"predecessor-version":[{"id":12640,"href":"https:\/\/zestmeup.com\/de\/wp-json\/wp\/v2\/pages\/12624\/revisions\/12640"}],"wp:attachment":[{"href":"https:\/\/zestmeup.com\/de\/wp-json\/wp\/v2\/media?parent=12624"}],"curies":[{"name":"wp","href":"https:\/\/api.w.org\/{rel}","templated":true}]}}