{"id":14789,"date":"2023-07-19T15:44:46","date_gmt":"2023-07-19T13:44:46","guid":{"rendered":"https:\/\/zestmeup.com\/?page_id=14789"},"modified":"2024-02-14T15:35:19","modified_gmt":"2024-02-14T14:35:19","slug":"zuhoeren","status":"publish","type":"page","link":"https:\/\/zestmeup.com\/de\/loesung\/zuhoeren\/","title":{"rendered":"Zuh\u00f6ren"},"content":{"rendered":"<div class=\"big-green-p\">\n<p style=\"text-align: center;\">Jeder Mensch will geh\u00f6rt zu werden. <br \/>Die Herausforderung besteht in der Regel darin, zuzuh\u00f6ren .<\/p>\n<\/div>\n<p style=\"text-align: center;\">Warum sollten Sie das Zuh\u00f6ren in den Mittelpunkt der Beziehung zu Ihren Mitarbeitenden stellen? Mitarbeiter:innen, denen zugeh\u00f6rt wird, f\u00fchlen sich wertgesch\u00e4tzt und engagieren sich bei ihrer Arbeit. F\u00fchrungskr\u00e4fte verstehen ihre Teams besser, um sie dabei zu unterst\u00fctzen, ihr Bestes zu geben.<\/p>\n<p style=\"text-align: center;\">Egal, wie oft Sie die Zest Features (Umfragen, Stimmung,&#8230;) nutzen, das Modul Zuh\u00f6ren verschafft Ihnen Zugang zu aufschlussreichen, manchmal ungeahnten Informationen.<\/p>\n\n<div class=\"center gap44\"><div class=\"croissant croissant-green\"><\/div><h2 class=\"bigh2\">Den Puls Ihrer Teams f\u00fchlen<\/h2><\/div>\r\n<div class=\"flex-parent services-flex-v2 img-position-right\">\r\n\t<div class=\"animated-module service-p service-p1\">\r\n\t\t<div><p>Das Stimmungs-Feature gibt Ihnen eine Momentaufnahme in Echtzeit dar\u00fcber, wie die Mitarbeitenden sich f\u00fchlen.<\/p>\n<p>Lassen Sie sich \u00fcber Stimmungstiefs benachrichtigen und sehen Sie sich die Entwicklung der Stimmung an, um bereits schwache Signale zu erkennen und in den Dialog zu treten.<\/p>\n<p>Dieses Modul hilft Ihnen, schwindendes Engagement zu verhindern und Krisensituationen zu bew\u00e4ltigen. Automatisieren Sie die Stimmungsabfragen nach Bedarf.<\/p>\n<\/div>\r\n\t\t<div class=\"related-feature-title\">Relevante Features:<\/div>\r\n\t\t<div class=\"gap12\"><\/div>\r\n\t\t<div class=\"mod-elements mod-elements-green\"><span><img decoding=\"async\" width=\"30\" height=\"30\" src=\"https:\/\/zestmeup.com\/web\/wp-content\/uploads\/2023\/02\/Shape-30x30.png\" class=\"attachment-module-ico size-module-ico\" alt=\"\" \/><\/span><span>Stimmung<\/span><\/div>\t\t\t\t\r\n\t\t<!--<div class=\"mod-elements mod-elements-green\"><span><img decoding=\"async\" width=\"30\" height=\"30\" src=\"https:\/\/zestmeup.com\/web\/wp-content\/uploads\/2023\/02\/Shape-30x30.png\" class=\"attachment-module-ico size-module-ico\" alt=\"\" \/><\/span><span>Stimmung<\/span><\/div>-->\r\n\t<\/div>\r\n\t<div class=\"animated-module service-img service-img1\">\r\n\t<img decoding=\"async\" width=\"1400\" height=\"788\" src=\"https:\/\/zestmeup.com\/web\/wp-content\/uploads\/2024\/02\/home2-germ-1400x788.png\" class=\"attachment-single-product-img-bloc2 size-single-product-img-bloc2\" alt=\"\" srcset=\"https:\/\/zestmeup.com\/web\/wp-content\/uploads\/2024\/02\/home2-germ-1400x788.png 1400w, https:\/\/zestmeup.com\/web\/wp-content\/uploads\/2024\/02\/home2-germ-300x169.png 300w, https:\/\/zestmeup.com\/web\/wp-content\/uploads\/2024\/02\/home2-germ-1024x576.png 1024w, https:\/\/zestmeup.com\/web\/wp-content\/uploads\/2024\/02\/home2-germ-768x432.png 768w, https:\/\/zestmeup.com\/web\/wp-content\/uploads\/2024\/02\/home2-germ-284x160.png 284w, https:\/\/zestmeup.com\/web\/wp-content\/uploads\/2024\/02\/home2-germ-107x60.png 107w, https:\/\/zestmeup.com\/web\/wp-content\/uploads\/2024\/02\/home2-germ-444x250.png 444w, https:\/\/zestmeup.com\/web\/wp-content\/uploads\/2024\/02\/home2-germ-1280x720.png 1280w, https:\/\/zestmeup.com\/web\/wp-content\/uploads\/2024\/02\/home2-germ-1100x619.png 1100w, https:\/\/zestmeup.com\/web\/wp-content\/uploads\/2024\/02\/home2-germ-648x365.png 648w, https:\/\/zestmeup.com\/web\/wp-content\/uploads\/2024\/02\/home2-germ-720x405.png 720w, https:\/\/zestmeup.com\/web\/wp-content\/uploads\/2024\/02\/home2-germ.png 1440w\" sizes=\"(max-width: 1400px) 100vw, 1400px\" \/>\t<\/div>\r\n<\/div>\n\n<div class=\"center gap44\"><div class=\"croissant croissant-green\"><\/div><h2 class=\"bigh2\">Die Meinung der Mitarbeitenden einholen<\/h2><\/div>\r\n<div class=\"flex-parent services-flex-v2 img-position-left\">\r\n\t<div class=\"animated-module service-p service-p1\">\r\n\t\t<div><p>Holen Sie sich mithilfe von Umfragen das Feedback und die Meinung Ihrer Mitarbeitenden ein.<\/p>\n<p>Die Umfragen sind schnell eingerichtet und einfach einsetzbar, die Antworten werden in einem detaillierten Dashboard \u00fcbersichtlich dargestellt.<\/p>\n<p>Das Modul ist in hohem Ma\u00dfe anpassbar und bietet eine umfangreichen Fragenkatalog, um den Dialog mit Ihren Teams zu erleichtern.<\/p>\n<\/div>\r\n\t\t<div class=\"related-feature-title\">Relevante Features:<\/div>\r\n\t\t<div class=\"gap12\"><\/div>\r\n\t\t<div class=\"mod-elements mod-elements-green\"><span><img decoding=\"async\" width=\"30\" height=\"30\" src=\"https:\/\/zestmeup.com\/web\/wp-content\/uploads\/2023\/02\/Combined-Shape-30x30.png\" class=\"attachment-module-ico size-module-ico\" alt=\"\" \/><\/span><span>Umfragen<\/span><\/div>\t\t\t\t\r\n\t\t<!--<div class=\"mod-elements mod-elements-green\"><span><img decoding=\"async\" width=\"30\" height=\"30\" src=\"https:\/\/zestmeup.com\/web\/wp-content\/uploads\/2023\/02\/Combined-Shape-30x30.png\" class=\"attachment-module-ico size-module-ico\" alt=\"\" \/><\/span><span>Umfragen<\/span><\/div>-->\r\n\t<\/div>\r\n\t<div class=\"animated-module service-img service-img1\">\r\n\t<img decoding=\"async\" width=\"1400\" height=\"788\" src=\"https:\/\/zestmeup.com\/web\/wp-content\/uploads\/2024\/02\/listen2-germ-1400x788.png\" class=\"attachment-single-product-img-bloc2 size-single-product-img-bloc2\" alt=\"\" srcset=\"https:\/\/zestmeup.com\/web\/wp-content\/uploads\/2024\/02\/listen2-germ-1400x788.png 1400w, https:\/\/zestmeup.com\/web\/wp-content\/uploads\/2024\/02\/listen2-germ-300x169.png 300w, https:\/\/zestmeup.com\/web\/wp-content\/uploads\/2024\/02\/listen2-germ-1024x576.png 1024w, https:\/\/zestmeup.com\/web\/wp-content\/uploads\/2024\/02\/listen2-germ-768x432.png 768w, https:\/\/zestmeup.com\/web\/wp-content\/uploads\/2024\/02\/listen2-germ-284x160.png 284w, https:\/\/zestmeup.com\/web\/wp-content\/uploads\/2024\/02\/listen2-germ-107x60.png 107w, https:\/\/zestmeup.com\/web\/wp-content\/uploads\/2024\/02\/listen2-germ-444x250.png 444w, https:\/\/zestmeup.com\/web\/wp-content\/uploads\/2024\/02\/listen2-germ-1280x720.png 1280w, https:\/\/zestmeup.com\/web\/wp-content\/uploads\/2024\/02\/listen2-germ-1100x619.png 1100w, https:\/\/zestmeup.com\/web\/wp-content\/uploads\/2024\/02\/listen2-germ-648x365.png 648w, https:\/\/zestmeup.com\/web\/wp-content\/uploads\/2024\/02\/listen2-germ-720x405.png 720w, https:\/\/zestmeup.com\/web\/wp-content\/uploads\/2024\/02\/listen2-germ.png 1440w\" sizes=\"(max-width: 1400px) 100vw, 1400px\" \/>\t<\/div>\r\n<\/div>\n\n<div class=\"center gap44\"><div class=\"croissant croissant-green\"><\/div><h2 class=\"bigh2\">Engagement und Motivation messen<\/h2><\/div>\r\n<div class=\"flex-parent services-flex-v2 img-position-right\">\r\n\t<div class=\"animated-module service-p service-p1\">\r\n\t\t<div><p>Ermitteln Sie die Werte, die Ihre Mitarbeitenden motivieren, um mithilfe dieser Hebel die Ausrichtung und die Bindung an Ihr Unternehmen zu st\u00e4rken.<\/p>\n<p>Gehen Sie einen Schritt weiter und messen Sie die verschiedenen Ebenen des Engagements. Das Engagement-Meter unterteilt die Faktoren des Engagements in sechs einfache Kategorien, die Ihre Mitarbeitenden bewerten und kommentieren.<\/p>\n<p>Die Fragen des Engagement-Meter wurden mit Hilfe von Doktoren der Psychologie und der Psychometrie erstellt, um das Umfragedesign f\u00fcr Sie zu optimieren.<\/p>\n<\/div>\r\n\t\t<div class=\"related-feature-title\">Relevante Features:<\/div>\r\n\t\t<div class=\"gap12\"><\/div>\r\n\t\t<div class=\"mod-elements mod-elements-green\"><span><img decoding=\"async\" width=\"20\" height=\"20\" src=\"https:\/\/zestmeup.com\/web\/wp-content\/uploads\/2023\/03\/icon-13.svg\" class=\"attachment-module-ico size-module-ico\" alt=\"\" \/><\/span><span>Engagement-Meter<\/span><\/div>\t\t\t\t\r\n\t\t<!--<div class=\"mod-elements mod-elements-green\"><span><img decoding=\"async\" width=\"20\" height=\"20\" src=\"https:\/\/zestmeup.com\/web\/wp-content\/uploads\/2023\/03\/icon-13.svg\" class=\"attachment-module-ico size-module-ico\" alt=\"\" \/><\/span><span>Engagement-Meter<\/span><\/div>-->\r\n\t<\/div>\r\n\t<div class=\"animated-module service-img service-img1\">\r\n\t<img decoding=\"async\" width=\"1400\" height=\"1027\" src=\"https:\/\/zestmeup.com\/web\/wp-content\/uploads\/2024\/02\/heatmap-germ-shadow-1400x1027.png\" class=\"attachment-single-product-img-bloc2 size-single-product-img-bloc2\" alt=\"\" srcset=\"https:\/\/zestmeup.com\/web\/wp-content\/uploads\/2024\/02\/heatmap-germ-shadow-1400x1027.png 1400w, https:\/\/zestmeup.com\/web\/wp-content\/uploads\/2024\/02\/heatmap-germ-shadow-300x220.png 300w, https:\/\/zestmeup.com\/web\/wp-content\/uploads\/2024\/02\/heatmap-germ-shadow-1024x751.png 1024w, https:\/\/zestmeup.com\/web\/wp-content\/uploads\/2024\/02\/heatmap-germ-shadow-768x563.png 768w, https:\/\/zestmeup.com\/web\/wp-content\/uploads\/2024\/02\/heatmap-germ-shadow-1536x1126.png 1536w, https:\/\/zestmeup.com\/web\/wp-content\/uploads\/2024\/02\/heatmap-germ-shadow-2048x1502.png 2048w, https:\/\/zestmeup.com\/web\/wp-content\/uploads\/2024\/02\/heatmap-germ-shadow-218x160.png 218w, https:\/\/zestmeup.com\/web\/wp-content\/uploads\/2024\/02\/heatmap-germ-shadow-82x60.png 82w, https:\/\/zestmeup.com\/web\/wp-content\/uploads\/2024\/02\/heatmap-germ-shadow-341x250.png 341w, https:\/\/zestmeup.com\/web\/wp-content\/uploads\/2024\/02\/heatmap-germ-shadow-1100x807.png 1100w, https:\/\/zestmeup.com\/web\/wp-content\/uploads\/2024\/02\/heatmap-germ-shadow-648x475.png 648w, https:\/\/zestmeup.com\/web\/wp-content\/uploads\/2024\/02\/heatmap-germ-shadow-720x528.png 720w\" sizes=\"(max-width: 1400px) 100vw, 1400px\" \/>\t<\/div>\r\n<\/div>","protected":false},"excerpt":{"rendered":"<p>Jeder Mensch will geh\u00f6rt zu werden. Die Herausforderung besteht in der Regel darin, zuzuh\u00f6ren . Warum sollten Sie das Zuh\u00f6ren in den Mittelpunkt der Beziehung zu Ihren Mitarbeitenden stellen? Mitarbeiter:innen, denen zugeh\u00f6rt wird, f\u00fchlen sich wertgesch\u00e4tzt und engagieren sich bei ihrer Arbeit. F\u00fchrungskr\u00e4fte verstehen ihre Teams besser, um sie dabei zu unterst\u00fctzen, ihr Bestes zu [&hellip;]<\/p>\n","protected":false},"author":20,"featured_media":0,"parent":15937,"menu_order":-4,"comment_status":"closed","ping_status":"closed","template":"page-templates\/single-solution-v2-page.php","meta":{"inline_featured_image":false,"footnotes":""},"class_list":["post-14789","page","type-page","status-publish","hentry"],"_links":{"self":[{"href":"https:\/\/zestmeup.com\/de\/wp-json\/wp\/v2\/pages\/14789","targetHints":{"allow":["GET"]}}],"collection":[{"href":"https:\/\/zestmeup.com\/de\/wp-json\/wp\/v2\/pages"}],"about":[{"href":"https:\/\/zestmeup.com\/de\/wp-json\/wp\/v2\/types\/page"}],"author":[{"embeddable":true,"href":"https:\/\/zestmeup.com\/de\/wp-json\/wp\/v2\/users\/20"}],"replies":[{"embeddable":true,"href":"https:\/\/zestmeup.com\/de\/wp-json\/wp\/v2\/comments?post=14789"}],"version-history":[{"count":12,"href":"https:\/\/zestmeup.com\/de\/wp-json\/wp\/v2\/pages\/14789\/revisions"}],"predecessor-version":[{"id":17712,"href":"https:\/\/zestmeup.com\/de\/wp-json\/wp\/v2\/pages\/14789\/revisions\/17712"}],"up":[{"embeddable":true,"href":"https:\/\/zestmeup.com\/de\/wp-json\/wp\/v2\/pages\/15937"}],"wp:attachment":[{"href":"https:\/\/zestmeup.com\/de\/wp-json\/wp\/v2\/media?parent=14789"}],"curies":[{"name":"wp","href":"https:\/\/api.w.org\/{rel}","templated":true}]}}