{"id":14805,"date":"2024-02-20T13:58:41","date_gmt":"2024-02-20T12:58:41","guid":{"rendered":"https:\/\/zestmeup.com\/?page_id=14805"},"modified":"2024-02-20T13:58:43","modified_gmt":"2024-02-20T12:58:43","slug":"leisten","status":"publish","type":"page","link":"https:\/\/zestmeup.com\/de\/loesung\/leisten\/","title":{"rendered":"Leisten"},"content":{"rendered":"\n<p class=\"has-text-align-center has-z-share-color-color has-text-color\" style=\"font-size:24px\"><strong>Ein kleiner Schritt f\u00fcr den Einzelnen, <\/strong><br><strong>aber ein gro\u00dfer Sprung f\u00fcr Ihre Teams.<\/strong><\/p>\n\n\n\n<p class=\"has-text-align-center\">Die Schaffung leistungsstarker Teams erfordert in erster Linie produktive Mitarbeitende auf individueller Ebene. Aber wie kann man das erreichen? Durch klar definierte Ziele, regelm\u00e4\u00dfigen Kompetenzaufbau und h\u00e4ufige Entwicklungsm\u00f6glichkeiten.<\/p>\n\n\n\n<p class=\"has-text-align-center\">Helfen Sie Ihren Teams st\u00e4rker zu werden und helfen Sie Ihren Mitarbeitenden, \u00fcber sich hinauszuwachsen, um ihre individuellen und kollektiven Leistungen zu transformieren.<\/p>\n\n\n<div class=\"center gap44\"><div class=\"croissant croissant-blue\"><\/div><h2 class=\"bigh2\">Zum stetigen Fortschritt motivieren<\/h2><\/div>\r\n<div class=\"flex-parent services-flex-v2 img-position-left\">\r\n\t<div class=\"animated-module service-p service-p1\">\r\n\t\t<div><p>Helfen Sie Ihren Mitarbeitenden, klare berufliche Ziele zu setzen. Verfolgen Sie ihre Fortschritte in Echtzeit, um eine Wachstumsdynamik in Ihrem Unternehmen zu schaffen.<\/p>\n<p>Nur wenn Ihre Mitarbeitenden eine klare Vorstellung von ihrer beruflichen Entwicklung haben, werden sie sich engagieren wollen, um H\u00f6chstleistungen zu erzielen.<\/p>\n<\/div>\r\n\t\t<div class=\"related-feature-title\">Relevante Features:<\/div>\r\n\t\t<div class=\"gap12\"><\/div>\r\n\t\t<div class=\"mod-elements mod-elements-blue\"><span><img decoding=\"async\" width=\"20\" height=\"20\" src=\"https:\/\/zestmeup.com\/web\/wp-content\/uploads\/2023\/03\/icon-21.svg\" class=\"attachment-module-ico size-module-ico\" alt=\"\" \/><\/span><span>Ziele<\/span><\/div>\t\t\t<div class=\"mod-elements mod-elements-blue\"><span><img decoding=\"async\" width=\"20\" height=\"20\" src=\"https:\/\/zestmeup.com\/web\/wp-content\/uploads\/2023\/03\/icon-22.svg\" class=\"attachment-module-ico size-module-ico\" alt=\"\" \/><\/span><span>Kompetenzen<\/span><\/div>\t\r\n\t\t<!--<div class=\"mod-elements mod-elements-blue\"><span><img decoding=\"async\" width=\"20\" height=\"20\" src=\"https:\/\/zestmeup.com\/web\/wp-content\/uploads\/2023\/03\/icon-21.svg\" class=\"attachment-module-ico size-module-ico\" alt=\"\" \/><\/span><span>Ziele<\/span><span><img decoding=\"async\" width=\"20\" height=\"20\" src=\"https:\/\/zestmeup.com\/web\/wp-content\/uploads\/2023\/03\/icon-22.svg\" class=\"attachment-module-ico size-module-ico\" alt=\"\" \/><\/span><span>Kompetenzen<\/span><\/div>-->\r\n\t<\/div>\r\n\t<div class=\"animated-module service-img service-img1\">\r\n\t<img decoding=\"async\" width=\"1400\" height=\"788\" src=\"https:\/\/zestmeup.com\/web\/wp-content\/uploads\/2024\/02\/perform1-germ-1400x788.png\" class=\"attachment-single-product-img-bloc2 size-single-product-img-bloc2\" alt=\"\" srcset=\"https:\/\/zestmeup.com\/web\/wp-content\/uploads\/2024\/02\/perform1-germ-1400x788.png 1400w, https:\/\/zestmeup.com\/web\/wp-content\/uploads\/2024\/02\/perform1-germ-300x169.png 300w, https:\/\/zestmeup.com\/web\/wp-content\/uploads\/2024\/02\/perform1-germ-1024x576.png 1024w, https:\/\/zestmeup.com\/web\/wp-content\/uploads\/2024\/02\/perform1-germ-768x432.png 768w, https:\/\/zestmeup.com\/web\/wp-content\/uploads\/2024\/02\/perform1-germ-284x160.png 284w, https:\/\/zestmeup.com\/web\/wp-content\/uploads\/2024\/02\/perform1-germ-107x60.png 107w, https:\/\/zestmeup.com\/web\/wp-content\/uploads\/2024\/02\/perform1-germ-444x250.png 444w, https:\/\/zestmeup.com\/web\/wp-content\/uploads\/2024\/02\/perform1-germ-1280x720.png 1280w, https:\/\/zestmeup.com\/web\/wp-content\/uploads\/2024\/02\/perform1-germ-1100x619.png 1100w, https:\/\/zestmeup.com\/web\/wp-content\/uploads\/2024\/02\/perform1-germ-648x365.png 648w, https:\/\/zestmeup.com\/web\/wp-content\/uploads\/2024\/02\/perform1-germ-720x405.png 720w, https:\/\/zestmeup.com\/web\/wp-content\/uploads\/2024\/02\/perform1-germ.png 1440w\" sizes=\"(max-width: 1400px) 100vw, 1400px\" \/>\t<\/div>\r\n<\/div>\n\n<div class=\"center gap44\"><div class=\"croissant croissant-blue\"><\/div><h2 class=\"bigh2\">Leistungsgespr\u00e4che neu erfinden<\/h2><\/div>\r\n<div class=\"flex-parent services-flex-v2 img-position-right\">\r\n\t<div class=\"animated-module service-p service-p1\">\r\n\t\t<div><p>Machen Sie die Leistungsbeurteilung zug\u00e4nglicher: Entlasten Sie Ihre Mitarbeitenden vom Stress der Jahresgespr\u00e4che, indem Sie den Austausch an ihren Arbeitsrhythmus anpassen.<\/p>\n<p>So entsteht ein positiver Kreislauf: Die Mitarbeitenden entwickeln schneller ihre Kompetenzen und die Manager:innen passen ihre Betreuung das ganze Jahr \u00fcber gezielter an.<\/p>\n<\/div>\r\n\t\t<div class=\"related-feature-title\">Relevante Features:<\/div>\r\n\t\t<div class=\"gap12\"><\/div>\r\n\t\t<div class=\"mod-elements mod-elements-blue\"><span>Check-Ins<\/span><\/div>\t\t\t\t\r\n\t\t<!--<div class=\"mod-elements mod-elements-blue\"><span>Check-Ins<\/span><span><img decoding=\"async\" width=\"20\" height=\"20\" src=\"https:\/\/zestmeup.com\/web\/wp-content\/uploads\/2023\/03\/icon-23.svg\" class=\"attachment-module-ico size-module-ico\" alt=\"\" \/><\/span><\/div>-->\r\n\t<\/div>\r\n\t<div class=\"animated-module service-img service-img1\">\r\n\t<img decoding=\"async\" width=\"1400\" height=\"788\" src=\"https:\/\/zestmeup.com\/web\/wp-content\/uploads\/2024\/02\/perform2-germ-1400x788.png\" class=\"attachment-single-product-img-bloc2 size-single-product-img-bloc2\" alt=\"\" srcset=\"https:\/\/zestmeup.com\/web\/wp-content\/uploads\/2024\/02\/perform2-germ-1400x788.png 1400w, https:\/\/zestmeup.com\/web\/wp-content\/uploads\/2024\/02\/perform2-germ-300x169.png 300w, https:\/\/zestmeup.com\/web\/wp-content\/uploads\/2024\/02\/perform2-germ-1024x576.png 1024w, https:\/\/zestmeup.com\/web\/wp-content\/uploads\/2024\/02\/perform2-germ-768x432.png 768w, https:\/\/zestmeup.com\/web\/wp-content\/uploads\/2024\/02\/perform2-germ-284x160.png 284w, https:\/\/zestmeup.com\/web\/wp-content\/uploads\/2024\/02\/perform2-germ-107x60.png 107w, https:\/\/zestmeup.com\/web\/wp-content\/uploads\/2024\/02\/perform2-germ-444x250.png 444w, https:\/\/zestmeup.com\/web\/wp-content\/uploads\/2024\/02\/perform2-germ-1280x720.png 1280w, https:\/\/zestmeup.com\/web\/wp-content\/uploads\/2024\/02\/perform2-germ-1100x619.png 1100w, https:\/\/zestmeup.com\/web\/wp-content\/uploads\/2024\/02\/perform2-germ-648x365.png 648w, https:\/\/zestmeup.com\/web\/wp-content\/uploads\/2024\/02\/perform2-germ-720x405.png 720w, https:\/\/zestmeup.com\/web\/wp-content\/uploads\/2024\/02\/perform2-germ.png 1440w\" sizes=\"(max-width: 1400px) 100vw, 1400px\" \/>\t<\/div>\r\n<\/div>\n\n<div class=\"center gap44\"><div class=\"croissant croissant-blue\"><\/div><h2 class=\"bigh2\">Silobildung abbauen und Kollaboration f\u00f6rdern<\/h2><\/div>\r\n<div class=\"flex-parent services-flex-v2 img-position-left\">\r\n\t<div class=\"animated-module service-p service-p1\">\r\n\t\t<div><p>Zusammenarbeit f\u00fchrt immer zu den interessantesten Ideen. Die Arbeit an gemeinsamen Projekten \u00fcber individuelle Aufgaben hinaus verleiht den Mitarbeitenden mehr Sinn und Interesse an ihrer Arbeit.<\/p>\n<p>Die Produktivit\u00e4t von Teams entwickelt sich auf nat\u00fcrliche Weise, wenn die Mitarbeitenden Freude daran haben, zu Projekten beizutragen; unabh\u00e4ngig davon, wo sie geografisch angesiedelt sind.<\/p>\n<\/div>\r\n\t\t<div class=\"related-feature-title\">Relevante Features:<\/div>\r\n\t\t<div class=\"gap12\"><\/div>\r\n\t\t<div class=\"mod-elements mod-elements-blue\"><span><img decoding=\"async\" width=\"20\" height=\"20\" src=\"https:\/\/zestmeup.com\/web\/wp-content\/uploads\/2023\/03\/icon-24.svg\" class=\"attachment-module-ico size-module-ico\" alt=\"\" \/><\/span><span>Kreise<\/span><\/div>\t\t\t\t\r\n\t\t<!--<div class=\"mod-elements mod-elements-blue\"><span><img decoding=\"async\" width=\"20\" height=\"20\" src=\"https:\/\/zestmeup.com\/web\/wp-content\/uploads\/2023\/03\/icon-24.svg\" class=\"attachment-module-ico size-module-ico\" alt=\"\" \/><\/span><span>Kreise<\/span><\/div>-->\r\n\t<\/div>\r\n\t<div class=\"animated-module service-img service-img1\">\r\n\t<img decoding=\"async\" width=\"1400\" height=\"788\" src=\"https:\/\/zestmeup.com\/web\/wp-content\/uploads\/2024\/02\/perform3-germ-1400x788.png\" class=\"attachment-single-product-img-bloc2 size-single-product-img-bloc2\" alt=\"\" srcset=\"https:\/\/zestmeup.com\/web\/wp-content\/uploads\/2024\/02\/perform3-germ-1400x788.png 1400w, https:\/\/zestmeup.com\/web\/wp-content\/uploads\/2024\/02\/perform3-germ-300x169.png 300w, https:\/\/zestmeup.com\/web\/wp-content\/uploads\/2024\/02\/perform3-germ-1024x576.png 1024w, https:\/\/zestmeup.com\/web\/wp-content\/uploads\/2024\/02\/perform3-germ-768x432.png 768w, https:\/\/zestmeup.com\/web\/wp-content\/uploads\/2024\/02\/perform3-germ-284x160.png 284w, https:\/\/zestmeup.com\/web\/wp-content\/uploads\/2024\/02\/perform3-germ-107x60.png 107w, https:\/\/zestmeup.com\/web\/wp-content\/uploads\/2024\/02\/perform3-germ-444x250.png 444w, https:\/\/zestmeup.com\/web\/wp-content\/uploads\/2024\/02\/perform3-germ-1280x720.png 1280w, https:\/\/zestmeup.com\/web\/wp-content\/uploads\/2024\/02\/perform3-germ-1100x619.png 1100w, https:\/\/zestmeup.com\/web\/wp-content\/uploads\/2024\/02\/perform3-germ-648x365.png 648w, https:\/\/zestmeup.com\/web\/wp-content\/uploads\/2024\/02\/perform3-germ-720x405.png 720w, https:\/\/zestmeup.com\/web\/wp-content\/uploads\/2024\/02\/perform3-germ.png 1440w\" sizes=\"(max-width: 1400px) 100vw, 1400px\" \/>\t<\/div>\r\n<\/div>","protected":false},"excerpt":{"rendered":"<p>Ein kleiner Schritt f\u00fcr den Einzelnen, aber ein gro\u00dfer Sprung f\u00fcr Ihre Teams. Die Schaffung leistungsstarker Teams erfordert in erster Linie produktive Mitarbeitende auf individueller Ebene. Aber wie kann man das erreichen? Durch klar definierte Ziele, regelm\u00e4\u00dfigen Kompetenzaufbau und h\u00e4ufige Entwicklungsm\u00f6glichkeiten. Helfen Sie Ihren Teams st\u00e4rker zu werden und helfen Sie Ihren Mitarbeitenden, \u00fcber sich [&hellip;]<\/p>\n","protected":false},"author":20,"featured_media":0,"parent":15937,"menu_order":0,"comment_status":"closed","ping_status":"closed","template":"page-templates\/single-solution-v2-page.php","meta":{"inline_featured_image":false,"footnotes":""},"class_list":["post-14805","page","type-page","status-publish","hentry"],"_links":{"self":[{"href":"https:\/\/zestmeup.com\/de\/wp-json\/wp\/v2\/pages\/14805","targetHints":{"allow":["GET"]}}],"collection":[{"href":"https:\/\/zestmeup.com\/de\/wp-json\/wp\/v2\/pages"}],"about":[{"href":"https:\/\/zestmeup.com\/de\/wp-json\/wp\/v2\/types\/page"}],"author":[{"embeddable":true,"href":"https:\/\/zestmeup.com\/de\/wp-json\/wp\/v2\/users\/20"}],"replies":[{"embeddable":true,"href":"https:\/\/zestmeup.com\/de\/wp-json\/wp\/v2\/comments?post=14805"}],"version-history":[{"count":16,"href":"https:\/\/zestmeup.com\/de\/wp-json\/wp\/v2\/pages\/14805\/revisions"}],"predecessor-version":[{"id":17755,"href":"https:\/\/zestmeup.com\/de\/wp-json\/wp\/v2\/pages\/14805\/revisions\/17755"}],"up":[{"embeddable":true,"href":"https:\/\/zestmeup.com\/de\/wp-json\/wp\/v2\/pages\/15937"}],"wp:attachment":[{"href":"https:\/\/zestmeup.com\/de\/wp-json\/wp\/v2\/media?parent=14805"}],"curies":[{"name":"wp","href":"https:\/\/api.w.org\/{rel}","templated":true}]}}