{"id":14815,"date":"2024-02-20T14:07:30","date_gmt":"2024-02-20T13:07:30","guid":{"rendered":"https:\/\/zestmeup.com\/?page_id=14815"},"modified":"2024-02-20T14:07:32","modified_gmt":"2024-02-20T13:07:32","slug":"teilen","status":"publish","type":"page","link":"https:\/\/zestmeup.com\/de\/loesung\/teilen\/","title":{"rendered":"Teilen"},"content":{"rendered":"\n<p class=\"has-text-align-center has-z-perform-color-color has-text-color\" style=\"font-size:24px\"><strong>Feedbacks, Ideen, Wertsch\u00e4tzung<\/strong><\/p>\n\n\n\n<p class=\"has-text-align-center\">Die Formel f\u00fcr eine positive und konstruktive Arbeitsatmosph\u00e4re liegt mit Zest in Ihren H\u00e4nden. Unsere Module, die sich dem Austausch widmen, ermutigen die Mitarbeitenden, selbstst\u00e4ndig Dynamiken zu schaffen und mehr Verbundenheit zu ihren Kolleg:innen aufzubauen.<\/p>\n\n\n\n<p class=\"has-text-align-center\">Wenn Sie Ihre Mitarbeitenden dazu ermutigen, Ideen f\u00fcr das gesamte Unternehmen vorzuschlagen, Feedback zu geben oder gegenseitig ihre Wertsch\u00e4tzung zu teilen, k\u00f6nnen Sie eine Dynamik des kollektiven Fortschritts in Ihrer gesamten Organisation aufbauen.<\/p>\n\n\n<div class=\"center gap44\"><div class=\"croissant croissant-purple\"><\/div><h2 class=\"bigh2\">Einen positiven Kreislauf schaffen<\/h2><\/div>\r\n<div class=\"flex-parent services-flex-v2 img-position-left\">\r\n\t<div class=\"animated-module service-p service-p1\">\r\n\t\t<div><p>Motivieren Sie Ihre Mitarbeitenden, Ideen und konstruktives Feedback auszutauschen, um eine positive Arbeitskultur zu f\u00f6rdern.<\/p>\n<p>Diese Dynamik wird auf nat\u00fcrliche Art und Weise ein Reflektieren \u00fcber m\u00f6gliche Verbesserungen in Ihrem Unternehmen f\u00f6rdern und die Qualit\u00e4t der zwischenmenschlichen Beziehungen in Ihren Teams verbessern.<\/p>\n<\/div>\r\n\t\t<div class=\"related-feature-title\">Relevante Features:<\/div>\r\n\t\t<div class=\"gap12\"><\/div>\r\n\t\t<div class=\"mod-elements mod-elements-purple\"><span><img decoding=\"async\" width=\"20\" height=\"20\" src=\"https:\/\/zestmeup.com\/web\/wp-content\/uploads\/2023\/03\/icon-31.svg\" class=\"attachment-module-ico size-module-ico\" alt=\"\" \/><\/span><span>Feedback<\/span><\/div>\t\t\t<div class=\"mod-elements mod-elements-purple\"><span><img decoding=\"async\" width=\"20\" height=\"20\" src=\"https:\/\/zestmeup.com\/web\/wp-content\/uploads\/2023\/03\/icon-32.svg\" class=\"attachment-module-ico size-module-ico\" alt=\"\" \/><\/span><span>Ideen<\/span><\/div>\t\r\n\t\t<!--<div class=\"mod-elements mod-elements-purple\"><span><img decoding=\"async\" width=\"20\" height=\"20\" src=\"https:\/\/zestmeup.com\/web\/wp-content\/uploads\/2023\/03\/icon-31.svg\" class=\"attachment-module-ico size-module-ico\" alt=\"\" \/><\/span><span>Feedback<\/span><span><img decoding=\"async\" width=\"20\" height=\"20\" src=\"https:\/\/zestmeup.com\/web\/wp-content\/uploads\/2023\/03\/icon-32.svg\" class=\"attachment-module-ico size-module-ico\" alt=\"\" \/><\/span><span>Ideen<\/span><\/div>-->\r\n\t<\/div>\r\n\t<div class=\"animated-module service-img service-img1\">\r\n\t<img decoding=\"async\" width=\"1400\" height=\"788\" src=\"https:\/\/zestmeup.com\/web\/wp-content\/uploads\/2024\/02\/share1-germ-1400x788.png\" class=\"attachment-single-product-img-bloc2 size-single-product-img-bloc2\" alt=\"\" srcset=\"https:\/\/zestmeup.com\/web\/wp-content\/uploads\/2024\/02\/share1-germ-1400x788.png 1400w, https:\/\/zestmeup.com\/web\/wp-content\/uploads\/2024\/02\/share1-germ-300x169.png 300w, https:\/\/zestmeup.com\/web\/wp-content\/uploads\/2024\/02\/share1-germ-1024x576.png 1024w, https:\/\/zestmeup.com\/web\/wp-content\/uploads\/2024\/02\/share1-germ-768x432.png 768w, https:\/\/zestmeup.com\/web\/wp-content\/uploads\/2024\/02\/share1-germ-284x160.png 284w, https:\/\/zestmeup.com\/web\/wp-content\/uploads\/2024\/02\/share1-germ-107x60.png 107w, https:\/\/zestmeup.com\/web\/wp-content\/uploads\/2024\/02\/share1-germ-444x250.png 444w, https:\/\/zestmeup.com\/web\/wp-content\/uploads\/2024\/02\/share1-germ-1280x720.png 1280w, https:\/\/zestmeup.com\/web\/wp-content\/uploads\/2024\/02\/share1-germ-1100x619.png 1100w, https:\/\/zestmeup.com\/web\/wp-content\/uploads\/2024\/02\/share1-germ-648x365.png 648w, https:\/\/zestmeup.com\/web\/wp-content\/uploads\/2024\/02\/share1-germ-720x405.png 720w, https:\/\/zestmeup.com\/web\/wp-content\/uploads\/2024\/02\/share1-germ.png 1440w\" sizes=\"(max-width: 1400px) 100vw, 1400px\" \/>\t<\/div>\r\n<\/div>\n\n<div class=\"center gap44\"><div class=\"croissant croissant-purple\"><\/div><h2 class=\"bigh2\">Anerkennung und Wertsch\u00e4tzung teilen<\/h2><\/div>\r\n<div class=\"flex-parent services-flex-v2 img-position-right\">\r\n\t<div class=\"animated-module service-p service-p1\">\r\n\t\t<div><p>F\u00f6rdern Sie Dankbarkeit und Begeisterung, indem Sie Zests an Ihre Kolleg:innen versenden: Anerkennung, Gl\u00fcckw\u00fcnsche und Ermutigung unter Mitarbeitenden mit einem Klick.<\/p>\n<p>Mit bis zu f\u00fcnf Zests pro Woche k\u00f6nnen die Nutzer:innen sich bei ihren Mitarbeitenden mit einem Lob oder einem Dank erkenntlich zeigen.<\/p>\n<\/div>\r\n\t\t<div class=\"related-feature-title\">Relevante Features:<\/div>\r\n\t\t<div class=\"gap12\"><\/div>\r\n\t\t<div class=\"mod-elements mod-elements-purple\"><span><img decoding=\"async\" width=\"20\" height=\"20\" src=\"https:\/\/zestmeup.com\/web\/wp-content\/uploads\/2023\/03\/icon-33.svg\" class=\"attachment-module-ico size-module-ico\" alt=\"\" \/><\/span><span>Mein Zest<\/span><\/div>\t\t\t\t\r\n\t\t<!--<div class=\"mod-elements mod-elements-purple\"><span><img decoding=\"async\" width=\"20\" height=\"20\" src=\"https:\/\/zestmeup.com\/web\/wp-content\/uploads\/2023\/03\/icon-33.svg\" class=\"attachment-module-ico size-module-ico\" alt=\"\" \/><\/span><span>Mein Zest<\/span><\/div>-->\r\n\t<\/div>\r\n\t<div class=\"animated-module service-img service-img1\">\r\n\t<img decoding=\"async\" width=\"1400\" height=\"788\" src=\"https:\/\/zestmeup.com\/web\/wp-content\/uploads\/2024\/02\/share2-germ-1400x788.png\" class=\"attachment-single-product-img-bloc2 size-single-product-img-bloc2\" alt=\"\" srcset=\"https:\/\/zestmeup.com\/web\/wp-content\/uploads\/2024\/02\/share2-germ-1400x788.png 1400w, https:\/\/zestmeup.com\/web\/wp-content\/uploads\/2024\/02\/share2-germ-300x169.png 300w, https:\/\/zestmeup.com\/web\/wp-content\/uploads\/2024\/02\/share2-germ-1024x576.png 1024w, https:\/\/zestmeup.com\/web\/wp-content\/uploads\/2024\/02\/share2-germ-768x432.png 768w, https:\/\/zestmeup.com\/web\/wp-content\/uploads\/2024\/02\/share2-germ-284x160.png 284w, https:\/\/zestmeup.com\/web\/wp-content\/uploads\/2024\/02\/share2-germ-107x60.png 107w, https:\/\/zestmeup.com\/web\/wp-content\/uploads\/2024\/02\/share2-germ-444x250.png 444w, https:\/\/zestmeup.com\/web\/wp-content\/uploads\/2024\/02\/share2-germ-1280x720.png 1280w, https:\/\/zestmeup.com\/web\/wp-content\/uploads\/2024\/02\/share2-germ-1100x619.png 1100w, https:\/\/zestmeup.com\/web\/wp-content\/uploads\/2024\/02\/share2-germ-648x365.png 648w, https:\/\/zestmeup.com\/web\/wp-content\/uploads\/2024\/02\/share2-germ-720x405.png 720w, https:\/\/zestmeup.com\/web\/wp-content\/uploads\/2024\/02\/share2-germ.png 1440w\" sizes=\"(max-width: 1400px) 100vw, 1400px\" \/>\t<\/div>\r\n<\/div>\n\n<div class=\"center gap44\"><div class=\"croissant croissant-purple\"><\/div><h2 class=\"bigh2\">Grenzenlos kommunizieren<\/h2><\/div>\r\n<div class=\"flex-parent services-flex-v2 img-position-left\">\r\n\t<div class=\"animated-module service-p service-p1\">\r\n\t\t<div><p>Sie haben mit Zest ein passendes Tool, um Informationen an gew\u00fcnschten Personen und Zielgruppen zu \u00fcbermitteln.<\/p>\n<p>Erreichen Sie alle Ihre Mitarbeitenden gleichzeitig mit einer klaren und sichtbaren Botschaft, selbst in den komplexesten Strukturen, mit dem Zest-Feature f\u00fcr interne Kommunikation.<\/p>\n<\/div>\r\n\t\t<div class=\"related-feature-title\">Relevante Features:<\/div>\r\n\t\t<div class=\"gap12\"><\/div>\r\n\t\t<div class=\"mod-elements mod-elements-purple\"><span><img decoding=\"async\" width=\"20\" height=\"20\" src=\"https:\/\/zestmeup.com\/web\/wp-content\/uploads\/2023\/03\/icon-34.svg\" class=\"attachment-module-ico size-module-ico\" alt=\"\" \/><\/span><span>Nachrichten<\/span><\/div>\t\t\t\t\r\n\t\t<!--<div class=\"mod-elements mod-elements-purple\"><span><img decoding=\"async\" width=\"20\" height=\"20\" src=\"https:\/\/zestmeup.com\/web\/wp-content\/uploads\/2023\/03\/icon-34.svg\" class=\"attachment-module-ico size-module-ico\" alt=\"\" \/><\/span><span>Nachrichten<\/span><\/div>-->\r\n\t<\/div>\r\n\t<div class=\"animated-module service-img service-img1\">\r\n\t<img decoding=\"async\" width=\"1400\" height=\"788\" src=\"https:\/\/zestmeup.com\/web\/wp-content\/uploads\/2024\/02\/home4-germ-1-1400x788.png\" class=\"attachment-single-product-img-bloc2 size-single-product-img-bloc2\" alt=\"\" srcset=\"https:\/\/zestmeup.com\/web\/wp-content\/uploads\/2024\/02\/home4-germ-1-1400x788.png 1400w, https:\/\/zestmeup.com\/web\/wp-content\/uploads\/2024\/02\/home4-germ-1-300x169.png 300w, https:\/\/zestmeup.com\/web\/wp-content\/uploads\/2024\/02\/home4-germ-1-1024x576.png 1024w, https:\/\/zestmeup.com\/web\/wp-content\/uploads\/2024\/02\/home4-germ-1-768x432.png 768w, https:\/\/zestmeup.com\/web\/wp-content\/uploads\/2024\/02\/home4-germ-1-284x160.png 284w, https:\/\/zestmeup.com\/web\/wp-content\/uploads\/2024\/02\/home4-germ-1-107x60.png 107w, https:\/\/zestmeup.com\/web\/wp-content\/uploads\/2024\/02\/home4-germ-1-444x250.png 444w, https:\/\/zestmeup.com\/web\/wp-content\/uploads\/2024\/02\/home4-germ-1-1280x720.png 1280w, https:\/\/zestmeup.com\/web\/wp-content\/uploads\/2024\/02\/home4-germ-1-1100x619.png 1100w, https:\/\/zestmeup.com\/web\/wp-content\/uploads\/2024\/02\/home4-germ-1-648x365.png 648w, https:\/\/zestmeup.com\/web\/wp-content\/uploads\/2024\/02\/home4-germ-1-720x405.png 720w, https:\/\/zestmeup.com\/web\/wp-content\/uploads\/2024\/02\/home4-germ-1.png 1440w\" sizes=\"(max-width: 1400px) 100vw, 1400px\" \/>\t<\/div>\r\n<\/div>","protected":false},"excerpt":{"rendered":"<p>Feedbacks, Ideen, Wertsch\u00e4tzung Die Formel f\u00fcr eine positive und konstruktive Arbeitsatmosph\u00e4re liegt mit Zest in Ihren H\u00e4nden. Unsere Module, die sich dem Austausch widmen, ermutigen die Mitarbeitenden, selbstst\u00e4ndig Dynamiken zu schaffen und mehr Verbundenheit zu ihren Kolleg:innen aufzubauen. Wenn Sie Ihre Mitarbeitenden dazu ermutigen, Ideen f\u00fcr das gesamte Unternehmen vorzuschlagen, Feedback zu geben oder gegenseitig [&hellip;]<\/p>\n","protected":false},"author":20,"featured_media":0,"parent":15937,"menu_order":0,"comment_status":"closed","ping_status":"closed","template":"page-templates\/single-solution-v2-page.php","meta":{"inline_featured_image":false,"footnotes":""},"class_list":["post-14815","page","type-page","status-publish","hentry"],"_links":{"self":[{"href":"https:\/\/zestmeup.com\/de\/wp-json\/wp\/v2\/pages\/14815","targetHints":{"allow":["GET"]}}],"collection":[{"href":"https:\/\/zestmeup.com\/de\/wp-json\/wp\/v2\/pages"}],"about":[{"href":"https:\/\/zestmeup.com\/de\/wp-json\/wp\/v2\/types\/page"}],"author":[{"embeddable":true,"href":"https:\/\/zestmeup.com\/de\/wp-json\/wp\/v2\/users\/20"}],"replies":[{"embeddable":true,"href":"https:\/\/zestmeup.com\/de\/wp-json\/wp\/v2\/comments?post=14815"}],"version-history":[{"count":5,"href":"https:\/\/zestmeup.com\/de\/wp-json\/wp\/v2\/pages\/14815\/revisions"}],"predecessor-version":[{"id":17785,"href":"https:\/\/zestmeup.com\/de\/wp-json\/wp\/v2\/pages\/14815\/revisions\/17785"}],"up":[{"embeddable":true,"href":"https:\/\/zestmeup.com\/de\/wp-json\/wp\/v2\/pages\/15937"}],"wp:attachment":[{"href":"https:\/\/zestmeup.com\/de\/wp-json\/wp\/v2\/media?parent=14815"}],"curies":[{"name":"wp","href":"https:\/\/api.w.org\/{rel}","templated":true}]}}