{"id":14819,"date":"2024-02-21T11:32:07","date_gmt":"2024-02-21T10:32:07","guid":{"rendered":"https:\/\/zestmeup.com\/?page_id=14819"},"modified":"2024-02-21T11:32:09","modified_gmt":"2024-02-21T10:32:09","slug":"steuern","status":"publish","type":"page","link":"https:\/\/zestmeup.com\/de\/loesung\/steuern\/","title":{"rendered":"Steuern"},"content":{"rendered":"\n<p class=\"has-text-align-center has-z-lead-color-color has-text-color\"><strong>Managen Sie Ihr Unternehmen und treffen Sie die besten Entscheidungen, um die L\u00fccke zwischen Strategie und operativer Umsetzung zu schlie\u00dfen<\/strong><\/p>\n\n\n\n<p class=\"has-text-align-center has-z-lead-color-color has-text-color\"><br>Unterst\u00fctzen Sie den Erfolg Ihrer Teams in Echtzeit: Das Modul Steuern ist ein echtes Business-Intelligence-Tool und hilft Ihnen bei der Entscheidungsfindung. Es erm\u00f6glicht Ihnen, die wichtigsten Personal- und Gesch\u00e4ftsindikatoren Ihres Unternehmens in Echtzeit zu identifizieren. Visualisieren Sie die Ausrichtung zwischen Ihrer Vision und ihrer konkreten Umsetzung. Analysieren Sie konsolidierte Daten \u00fcber das Engagement Ihrer Mitarbeitenden und die Umsetzung der Strategie. Treffen Sie die besten Entscheidungen, indem Sie sich auf personalisierte und pr\u00e4zise HR-KPIs st\u00fctzen.<\/p>\n\n\n<div class=\"center gap44\"><div class=\"croissant croissant-dark-blue\"><\/div><h2 class=\"bigh2\">Business- und HR-Kennzahlen in Echtzeit tracken<\/h2><\/div>\r\n<div class=\"flex-parent services-flex-v2 img-position-left\">\r\n\t<div class=\"animated-module service-p service-p1\">\r\n\t\t<div><p>Verschaffen Sie sich einen 360\u00b0-Blick auf die Aktivit\u00e4ten und die wichtigsten KPIs Ihrer Organisation, um die Gesch\u00e4fts- und Personalstrategie entsprechend der R\u00fcckmeldungen aus der Praxis anzupassen.<\/p>\n<p>Erkennen Sie Risiken fr\u00fchzeitig und setzen Sie vorbeugende Ma\u00dfnahmen um.<\/p>\n<p>Analysieren Sie Ihre betriebliche Leistung und identifizieren Sie die Ursachen.<\/p>\n<p>Setzen Sie Ma\u00dfnahmen auf Management- und HR-Ebene um.<\/p>\n<\/div>\r\n\t\t<div class=\"related-feature-title\">Relevante Features:<\/div>\r\n\t\t<div class=\"gap12\"><\/div>\r\n\t\t<div class=\"mod-elements mod-elements-dark-blue\"><span><img decoding=\"async\" width=\"30\" height=\"30\" src=\"https:\/\/zestmeup.com\/web\/wp-content\/uploads\/2023\/03\/Cockpit-_1_-30x30.png\" class=\"attachment-module-ico size-module-ico\" alt=\"\" srcset=\"https:\/\/zestmeup.com\/web\/wp-content\/uploads\/2023\/03\/Cockpit-_1_-30x30.png 30w, https:\/\/zestmeup.com\/web\/wp-content\/uploads\/2023\/03\/Cockpit-_1_-40x40.png 40w, https:\/\/zestmeup.com\/web\/wp-content\/uploads\/2023\/03\/Cockpit-_1_-60x60.png 60w, https:\/\/zestmeup.com\/web\/wp-content\/uploads\/2023\/03\/Cockpit-_1_.png 94w\" sizes=\"(max-width: 30px) 100vw, 30px\" \/><\/span><span>Cockpit<\/span><\/div>\t\t\t<div class=\"mod-elements mod-elements-dark-blue\"><span><img decoding=\"async\" width=\"30\" height=\"30\" src=\"https:\/\/zestmeup.com\/web\/wp-content\/uploads\/2023\/03\/Alignement-map-30x30.png\" class=\"attachment-module-ico size-module-ico\" alt=\"\" srcset=\"https:\/\/zestmeup.com\/web\/wp-content\/uploads\/2023\/03\/Alignement-map-30x30.png 30w, https:\/\/zestmeup.com\/web\/wp-content\/uploads\/2023\/03\/Alignement-map-40x40.png 40w, https:\/\/zestmeup.com\/web\/wp-content\/uploads\/2023\/03\/Alignement-map-60x60.png 60w, https:\/\/zestmeup.com\/web\/wp-content\/uploads\/2023\/03\/Alignement-map.png 94w\" sizes=\"(max-width: 30px) 100vw, 30px\" \/><\/span><span>Ausrichtungskarte<\/span><\/div>\t\r\n\t\t<!--<div class=\"mod-elements mod-elements-dark-blue\"><span><img decoding=\"async\" width=\"30\" height=\"30\" src=\"https:\/\/zestmeup.com\/web\/wp-content\/uploads\/2023\/03\/Cockpit-_1_-30x30.png\" class=\"attachment-module-ico size-module-ico\" alt=\"\" srcset=\"https:\/\/zestmeup.com\/web\/wp-content\/uploads\/2023\/03\/Cockpit-_1_-30x30.png 30w, https:\/\/zestmeup.com\/web\/wp-content\/uploads\/2023\/03\/Cockpit-_1_-40x40.png 40w, https:\/\/zestmeup.com\/web\/wp-content\/uploads\/2023\/03\/Cockpit-_1_-60x60.png 60w, https:\/\/zestmeup.com\/web\/wp-content\/uploads\/2023\/03\/Cockpit-_1_.png 94w\" sizes=\"(max-width: 30px) 100vw, 30px\" \/><\/span><span>Cockpit<\/span><span><img decoding=\"async\" width=\"30\" height=\"30\" src=\"https:\/\/zestmeup.com\/web\/wp-content\/uploads\/2023\/03\/Alignement-map-30x30.png\" class=\"attachment-module-ico size-module-ico\" alt=\"\" srcset=\"https:\/\/zestmeup.com\/web\/wp-content\/uploads\/2023\/03\/Alignement-map-30x30.png 30w, https:\/\/zestmeup.com\/web\/wp-content\/uploads\/2023\/03\/Alignement-map-40x40.png 40w, https:\/\/zestmeup.com\/web\/wp-content\/uploads\/2023\/03\/Alignement-map-60x60.png 60w, https:\/\/zestmeup.com\/web\/wp-content\/uploads\/2023\/03\/Alignement-map.png 94w\" sizes=\"(max-width: 30px) 100vw, 30px\" \/><\/span><span>Ausrichtungskarte<\/span><\/div>-->\r\n\t<\/div>\r\n\t<div class=\"animated-module service-img service-img1\">\r\n\t<img decoding=\"async\" width=\"1400\" height=\"1027\" src=\"https:\/\/zestmeup.com\/web\/wp-content\/uploads\/2024\/02\/cockpit-germ-shadow-1400x1027.png\" class=\"attachment-single-product-img-bloc2 size-single-product-img-bloc2\" alt=\"\" srcset=\"https:\/\/zestmeup.com\/web\/wp-content\/uploads\/2024\/02\/cockpit-germ-shadow-1400x1027.png 1400w, https:\/\/zestmeup.com\/web\/wp-content\/uploads\/2024\/02\/cockpit-germ-shadow-300x220.png 300w, https:\/\/zestmeup.com\/web\/wp-content\/uploads\/2024\/02\/cockpit-germ-shadow-1024x751.png 1024w, https:\/\/zestmeup.com\/web\/wp-content\/uploads\/2024\/02\/cockpit-germ-shadow-768x563.png 768w, https:\/\/zestmeup.com\/web\/wp-content\/uploads\/2024\/02\/cockpit-germ-shadow-1536x1126.png 1536w, https:\/\/zestmeup.com\/web\/wp-content\/uploads\/2024\/02\/cockpit-germ-shadow-2048x1502.png 2048w, https:\/\/zestmeup.com\/web\/wp-content\/uploads\/2024\/02\/cockpit-germ-shadow-218x160.png 218w, https:\/\/zestmeup.com\/web\/wp-content\/uploads\/2024\/02\/cockpit-germ-shadow-82x60.png 82w, https:\/\/zestmeup.com\/web\/wp-content\/uploads\/2024\/02\/cockpit-germ-shadow-341x250.png 341w, https:\/\/zestmeup.com\/web\/wp-content\/uploads\/2024\/02\/cockpit-germ-shadow-1100x807.png 1100w, https:\/\/zestmeup.com\/web\/wp-content\/uploads\/2024\/02\/cockpit-germ-shadow-648x475.png 648w, https:\/\/zestmeup.com\/web\/wp-content\/uploads\/2024\/02\/cockpit-germ-shadow-720x528.png 720w\" sizes=\"(max-width: 1400px) 100vw, 1400px\" \/>\t<\/div>\r\n<\/div>\n\n<div class=\"center gap44\"><div class=\"croissant croissant-dark-blue\"><\/div><h2 class=\"bigh2\">Business- und HR-Strategie umsetzen und den Teams Verantwortung \u00fcbertragen<\/h2><\/div>\r\n<div class=\"flex-parent services-flex-v2 img-position-right\">\r\n\t<div class=\"animated-module service-p service-p1\">\r\n\t\t<div><p>Kommunizieren Sie klar und deutlich \u00fcber Ihre Unternehmensstrategie und Ihre Mission.<\/p>\n<p>Visualisieren Sie den Einsatz auf allen Ebenen der Organisation.<\/p>\n<p>Greifen Sie in Echtzeit auf den Fortschritt der Business- und HR-Ziele zu.<\/p>\n<p>Erkennen Sie Abweichungen schnell und leiten Sie Korrekturma\u00dfnahmen ein.<\/p>\n<\/div>\r\n\t\t<div class=\"related-feature-title\">Relevante Features:<\/div>\r\n\t\t<div class=\"gap12\"><\/div>\r\n\t\t<div class=\"mod-elements mod-elements-dark-blue\"><span><img decoding=\"async\" width=\"30\" height=\"30\" src=\"https:\/\/zestmeup.com\/web\/wp-content\/uploads\/2023\/03\/Alignement-map-30x30.png\" class=\"attachment-module-ico size-module-ico\" alt=\"\" srcset=\"https:\/\/zestmeup.com\/web\/wp-content\/uploads\/2023\/03\/Alignement-map-30x30.png 30w, https:\/\/zestmeup.com\/web\/wp-content\/uploads\/2023\/03\/Alignement-map-40x40.png 40w, https:\/\/zestmeup.com\/web\/wp-content\/uploads\/2023\/03\/Alignement-map-60x60.png 60w, https:\/\/zestmeup.com\/web\/wp-content\/uploads\/2023\/03\/Alignement-map.png 94w\" sizes=\"(max-width: 30px) 100vw, 30px\" \/><\/span><span>Ausrichtungskarte<\/span><\/div>\t\t\t\t\r\n\t\t<!--<div class=\"mod-elements mod-elements-dark-blue\"><span><img decoding=\"async\" width=\"30\" height=\"30\" src=\"https:\/\/zestmeup.com\/web\/wp-content\/uploads\/2023\/03\/Alignement-map-30x30.png\" class=\"attachment-module-ico size-module-ico\" alt=\"\" srcset=\"https:\/\/zestmeup.com\/web\/wp-content\/uploads\/2023\/03\/Alignement-map-30x30.png 30w, https:\/\/zestmeup.com\/web\/wp-content\/uploads\/2023\/03\/Alignement-map-40x40.png 40w, https:\/\/zestmeup.com\/web\/wp-content\/uploads\/2023\/03\/Alignement-map-60x60.png 60w, https:\/\/zestmeup.com\/web\/wp-content\/uploads\/2023\/03\/Alignement-map.png 94w\" sizes=\"(max-width: 30px) 100vw, 30px\" \/><\/span><span>Ausrichtungskarte<\/span><\/div>-->\r\n\t<\/div>\r\n\t<div class=\"animated-module service-img service-img1\">\r\n\t<img decoding=\"async\" width=\"1400\" height=\"944\" src=\"https:\/\/zestmeup.com\/web\/wp-content\/uploads\/2024\/02\/ALIGNMENT-MAP-GERM-SHADOW-1400x944.png\" class=\"attachment-single-product-img-bloc2 size-single-product-img-bloc2\" alt=\"\" srcset=\"https:\/\/zestmeup.com\/web\/wp-content\/uploads\/2024\/02\/ALIGNMENT-MAP-GERM-SHADOW-1400x944.png 1400w, https:\/\/zestmeup.com\/web\/wp-content\/uploads\/2024\/02\/ALIGNMENT-MAP-GERM-SHADOW-300x202.png 300w, https:\/\/zestmeup.com\/web\/wp-content\/uploads\/2024\/02\/ALIGNMENT-MAP-GERM-SHADOW-1024x690.png 1024w, https:\/\/zestmeup.com\/web\/wp-content\/uploads\/2024\/02\/ALIGNMENT-MAP-GERM-SHADOW-768x518.png 768w, https:\/\/zestmeup.com\/web\/wp-content\/uploads\/2024\/02\/ALIGNMENT-MAP-GERM-SHADOW-1536x1036.png 1536w, https:\/\/zestmeup.com\/web\/wp-content\/uploads\/2024\/02\/ALIGNMENT-MAP-GERM-SHADOW-2048x1381.png 2048w, https:\/\/zestmeup.com\/web\/wp-content\/uploads\/2024\/02\/ALIGNMENT-MAP-GERM-SHADOW-237x160.png 237w, https:\/\/zestmeup.com\/web\/wp-content\/uploads\/2024\/02\/ALIGNMENT-MAP-GERM-SHADOW-89x60.png 89w, https:\/\/zestmeup.com\/web\/wp-content\/uploads\/2024\/02\/ALIGNMENT-MAP-GERM-SHADOW-371x250.png 371w, https:\/\/zestmeup.com\/web\/wp-content\/uploads\/2024\/02\/ALIGNMENT-MAP-GERM-SHADOW-1100x742.png 1100w, https:\/\/zestmeup.com\/web\/wp-content\/uploads\/2024\/02\/ALIGNMENT-MAP-GERM-SHADOW-648x437.png 648w, https:\/\/zestmeup.com\/web\/wp-content\/uploads\/2024\/02\/ALIGNMENT-MAP-GERM-SHADOW-720x485.png 720w\" sizes=\"(max-width: 1400px) 100vw, 1400px\" \/>\t<\/div>\r\n<\/div>","protected":false},"excerpt":{"rendered":"<p>Managen Sie Ihr Unternehmen und treffen Sie die besten Entscheidungen, um die L\u00fccke zwischen Strategie und operativer Umsetzung zu schlie\u00dfen Unterst\u00fctzen Sie den Erfolg Ihrer Teams in Echtzeit: Das Modul Steuern ist ein echtes Business-Intelligence-Tool und hilft Ihnen bei der Entscheidungsfindung. Es erm\u00f6glicht Ihnen, die wichtigsten Personal- und Gesch\u00e4ftsindikatoren Ihres Unternehmens in Echtzeit zu identifizieren. [&hellip;]<\/p>\n","protected":false},"author":20,"featured_media":0,"parent":15937,"menu_order":0,"comment_status":"closed","ping_status":"closed","template":"page-templates\/single-solution-v2-page.php","meta":{"inline_featured_image":false,"footnotes":""},"class_list":["post-14819","page","type-page","status-publish","hentry"],"_links":{"self":[{"href":"https:\/\/zestmeup.com\/de\/wp-json\/wp\/v2\/pages\/14819","targetHints":{"allow":["GET"]}}],"collection":[{"href":"https:\/\/zestmeup.com\/de\/wp-json\/wp\/v2\/pages"}],"about":[{"href":"https:\/\/zestmeup.com\/de\/wp-json\/wp\/v2\/types\/page"}],"author":[{"embeddable":true,"href":"https:\/\/zestmeup.com\/de\/wp-json\/wp\/v2\/users\/20"}],"replies":[{"embeddable":true,"href":"https:\/\/zestmeup.com\/de\/wp-json\/wp\/v2\/comments?post=14819"}],"version-history":[{"count":7,"href":"https:\/\/zestmeup.com\/de\/wp-json\/wp\/v2\/pages\/14819\/revisions"}],"predecessor-version":[{"id":17938,"href":"https:\/\/zestmeup.com\/de\/wp-json\/wp\/v2\/pages\/14819\/revisions\/17938"}],"up":[{"embeddable":true,"href":"https:\/\/zestmeup.com\/de\/wp-json\/wp\/v2\/pages\/15937"}],"wp:attachment":[{"href":"https:\/\/zestmeup.com\/de\/wp-json\/wp\/v2\/media?parent=14819"}],"curies":[{"name":"wp","href":"https:\/\/api.w.org\/{rel}","templated":true}]}}