{"id":15937,"date":"2023-08-21T15:49:47","date_gmt":"2023-08-21T13:49:47","guid":{"rendered":"https:\/\/zestmeup.com\/?page_id=15937"},"modified":"2024-02-20T13:38:00","modified_gmt":"2024-02-20T12:38:00","slug":"loesung","status":"publish","type":"page","link":"https:\/\/zestmeup.com\/de\/loesung\/","title":{"rendered":"L\u00f6sung"},"content":{"rendered":"<div class=\"big-green-p\">\n<p style=\"text-align: center;\">Zest vereint in einer Web- und Mobilplattform alle Tools, die Sie ben\u00f6tigen, um die Leistung Ihrer Teams zu f\u00f6rdern und sie optimal zu unterst\u00fctzen.<\/p>\n<\/div>\n<p style=\"text-align: center;\">Das Engagement Ihrer Teams h\u00e4ngt von Faktoren ab, die Sie das ganze Jahr \u00fcber beeinflussen k\u00f6nnen. Mit Zest k\u00f6nnen Sie diese Faktoren in Echtzeit analysieren und managen.<\/p>\n<p style=\"text-align: center;\">Behalten Sie einen 360\u00b0-\u00dcberblick dank Features wie Stimmung, Umfragen, regelm\u00e4\u00dfigen Check-ins (oder Mini-Performance-Reviews), Zests (interne Anerkennung) und Feedback.<\/p>\n<p style=\"text-align: center;\">Egal welches Feature: Der Antwortmodus ist immer einfach und intuitiv, bei Bedarf auch mit kollaborativen Elementen. F\u00fchrungskr\u00e4fte und Personalleiter haben ihrerseits Zugang zu detaillierten Dashboards, die ihnen helfen, die besten Entscheidungen zu treffen.<\/p>\n","protected":false},"excerpt":{"rendered":"<p>Zest vereint in einer Web- und Mobilplattform alle Tools, die Sie ben\u00f6tigen, um die Leistung Ihrer Teams zu f\u00f6rdern und sie optimal zu unterst\u00fctzen. Das Engagement Ihrer Teams h\u00e4ngt von Faktoren ab, die Sie das ganze Jahr \u00fcber beeinflussen k\u00f6nnen. Mit Zest k\u00f6nnen Sie diese Faktoren in Echtzeit analysieren und managen. Behalten Sie einen 360\u00b0-\u00dcberblick [&hellip;]<\/p>\n","protected":false},"author":20,"featured_media":25387,"parent":0,"menu_order":0,"comment_status":"closed","ping_status":"closed","template":"page-templates\/all-solutions-v2-page.php","meta":{"inline_featured_image":false,"footnotes":""},"class_list":["post-15937","page","type-page","status-publish","has-post-thumbnail","hentry"],"_links":{"self":[{"href":"https:\/\/zestmeup.com\/de\/wp-json\/wp\/v2\/pages\/15937","targetHints":{"allow":["GET"]}}],"collection":[{"href":"https:\/\/zestmeup.com\/de\/wp-json\/wp\/v2\/pages"}],"about":[{"href":"https:\/\/zestmeup.com\/de\/wp-json\/wp\/v2\/types\/page"}],"author":[{"embeddable":true,"href":"https:\/\/zestmeup.com\/de\/wp-json\/wp\/v2\/users\/20"}],"replies":[{"embeddable":true,"href":"https:\/\/zestmeup.com\/de\/wp-json\/wp\/v2\/comments?post=15937"}],"version-history":[{"count":4,"href":"https:\/\/zestmeup.com\/de\/wp-json\/wp\/v2\/pages\/15937\/revisions"}],"predecessor-version":[{"id":16445,"href":"https:\/\/zestmeup.com\/de\/wp-json\/wp\/v2\/pages\/15937\/revisions\/16445"}],"wp:featuredmedia":[{"embeddable":true,"href":"https:\/\/zestmeup.com\/de\/wp-json\/wp\/v2\/media\/25387"}],"wp:attachment":[{"href":"https:\/\/zestmeup.com\/de\/wp-json\/wp\/v2\/media?parent=15937"}],"curies":[{"name":"wp","href":"https:\/\/api.w.org\/{rel}","templated":true}]}}