{"id":31,"date":"2018-11-10T23:19:48","date_gmt":"2018-11-10T22:19:48","guid":{"rendered":"https:\/\/zestmeup.com\/web\/?page_id=31"},"modified":"2023-01-24T10:43:06","modified_gmt":"2023-01-24T09:43:06","slug":"datenschutz","status":"publish","type":"page","link":"https:\/\/zestmeup.com\/de\/datenschutz\/","title":{"rendered":"Datenverarbeitung"},"content":{"rendered":"<h4>Erfasste Daten<\/h4>\n<p>Sie k\u00f6nnen die Website von ZestMeUp besuchen, ohne sich zu identifizieren oder pers\u00f6nliche Informationen preiszugeben. Wenn Sie jedoch Informationen anfordern oder sich f\u00fcr die Dienste von ZestMeUp registrieren lassen, werden Sie m\u00f6glicherweise aufgefordert, wesentliche Angaben zu Ihrer Person, Ihrem Unternehmen und\/oder Ihren beruflichen Interessen zu machen. Da ZestMeUp seinen Sitz in Frankreich hat, werden alle Daten in Frankreich gesammelt und gespeichert. Zu Ihrer Information sei gesagt, dass diese Verarbeitung bei der zust\u00e4ndigen lokalen Beh\u00f6rde gemeldet wurde.<\/p>\n<p>Kurz gesagt, wir arbeiten nicht daran, so viele Informationen wie m\u00f6glich \u00fcber Sie zu sammeln; die gesammelten Informationen werden dazu verwendet, Sie\/Ihr Unternehmen im System von ZestMeUp zu registrieren, um Sie gegebenenfalls kontaktieren zu k\u00f6nnen.<\/p>\n<h4><strong>Nutzung von Daten<\/strong><\/h4>\n<p>Wir verwenden die auf unserer Website oder Anwendung gesammelten Informationen, um Ihnen die von Ihnen angeforderten Dienste zur Verf\u00fcgung zu stellen. Diese Informationen erm\u00f6glichen es uns, Ihr Profil und das Team, mit dem Sie Zesten, zu erstellen.\u00a0Alle gesammelten Daten sind nur f\u00fcr den internen Gebrauch von ZestMeUp bestimmt. Sie werden in erster Linie dazu verwendet, Sie mit Ihrem Team\/Unternehmen in Kontakt zu bringen und mit uns zu kommunizieren.<\/p>\n<p>Wir nutzen Ihre pers\u00f6nlichen Daten auch, um:<\/p>\n<ul>\n<li>Betrug oder andere verbotene oder illegale Aktivit\u00e4ten zu verhindern und aufzudecken;<\/li>\n<li>die Sicherheit und Integrit\u00e4t der Website, der Anwendung und der Dienste von ZestMeUp zu sch\u00fctzen;<\/li>\n<li>Ihre Anfragen zur Registrierung zu erf\u00fcllen;<\/li>\n<li>die Nutzung der Website, der Anwendung und der Dienste von ZestMeUp zu erleichtern;<\/li>\n<li>uns dabei zu helfen, den Inhalt anzupassen und auf Ihre Bed\u00fcrfnisse zuzuschneiden;<\/li>\n<li>Sie \u00fcber wichtige Neuigkeiten auf ZestMeUp zu informieren, die f\u00fcr Sie relevant sind;<\/li>\n<li>mit Ihnen \u00fcber technische oder funktionale Probleme zu kommunizieren;<\/li>\n<li>Ihnen spezielle Angebote und Veranstaltungen zu schicken, die Sie interessieren k\u00f6nnten;<\/li>\n<li>unsere Produkte und Dienstleistungen auf unserer Website und die unserer Partner zu f\u00f6rdern;<\/li>\n<li>die Website, die Anwendung und die Dienstleistungen von ZestMeUp zu verbessern;<\/li>\n<\/ul>\n<p>Zusammenfassend l\u00e4sst sich sagen, dass die gesammelten Informationen es Ihnen erm\u00f6glichen, uns bei der Verbesserung unserer Dienste zu helfen und mit uns in Kontakt zu bleiben.<\/p>\n<h4><strong>Teilen Ihrer Daten<\/strong><\/h4>\n<p>Wir verpflichten uns, Ihre pers\u00f6nlichen und vertraulichen Informationen nicht an Dritte zu kommerziellen Zwecken weiterzugeben, zu verkaufen, zu vermieten oder zu tauschen. Wir werden Ihre pers\u00f6nlichen Daten nur mit anderen ZestMeUp-Unternehmen und\/oder Partnern ausschlie\u00dflich zu den oben beschriebenen Zwecken teilen.<\/p>\n<p>ZestMeUp nutzt Anwendungen, Webservices und externe Hosting-Services von Dritten, um die Hardware, das Netzwerk, den Speicher und alle anderen Technologien bereitzustellen, die erforderlich sind, um eine au\u00dfergew\u00f6hnliche Qualit\u00e4t des Zugriffs auf die Website, die App und die Services von ZestMeUp zu gew\u00e4hrleisten. Wann immer m\u00f6glich, stellen wir sicher, dass unsere Partner mit unseren Datenschutzrichtlinien \u00fcbereinstimmen.<\/p>\n<p>Zusammenfassend l\u00e4sst sich sagen, dass Ihre Daten bei uns sicher sind und wir versprechen, sie nicht zu verkaufen, weiterzugeben oder mit anderen zu teilen.<\/p>\n<h4><strong>Cookies<\/strong><\/h4>\n<p>Ja, wir verwenden Cookies. Cookies sind kleine Dateien oder Informationen, die auf Ihrem Computer \u00fcber die von Ihnen angesehenen Internetdokumente gespeichert werden. Sie k\u00f6nnen w\u00e4hlen, ob Sie ein Cookie akzeptieren oder nicht. Einige unserer Gesch\u00e4ftspartner verwenden m\u00f6glicherweise Cookies auf unserer Website (z. B. Werbetreibende), aber wir haben keinen Zugriff auf oder Kontrolle \u00fcber diese Cookies.<br \/>\nF\u00fcr Teile der Website, der App oder der Dienste verwendet ZestMeUp Cookies oder andere Technologien, um Ihnen die bestm\u00f6gliche Benutzererfahrung zu bieten und Ihnen die Navigation bei Ihrem n\u00e4chsten Besuch zu erleichtern.<\/p>\n<p>Das bedeutet konkret:<\/p>\n<ul>\n<li>Sie als Inhaber eines Benutzerkontos zu identifizieren;<\/li>\n<li>Sie aufzufordern, Ihr Passwort nach einem bestimmten Zeitraum ohne Aktivit\u00e4t erneut einzugeben, um Sie vor ungewolltem Zugriff zu sch\u00fctzen;<\/li>\n<li>Ihre Pr\u00e4ferenzen und Einstellungen zu speichern;<\/li>\n<li>unser Publikum und die Besuche auf unserer Website einzusch\u00e4tzen;<\/li>\n<li>unsere Website, App und Dienste zu verbessern.<\/li>\n<\/ul>\n<p>Zusammengefasst: Cookies sind sicher. Die Website, die App und die Dienste von ZestMeUp verwenden sie, um sich an Sie zu erinnern und die Nutzung unserer Produkte so reibungslos wie m\u00f6glich zu gestalten.<\/p>\n<h4>Wann diese Datenschutzrichtlinie gilt<\/h4>\n<p>Auf der Website, der Anwendung oder den Diensten von ZestMeUp k\u00f6nnen Links zu anderen Websites verf\u00fcgbar sein. Wenn Sie auf diese Links klicken, verlassen Sie unsere Website, Anwendung oder Dienste. ZestMeUp ist in keiner Weise verantwortlich f\u00fcr den Inhalt und\/oder die Datenschutzrichtlinien dieser anderen Websites. ZestMeUp \u00fcbernimmt keine Gew\u00e4hr f\u00fcr die Inhalte oder Ressourcen, zu denen diese Seiten Zugang gew\u00e4hren, und schlie\u00dft jegliche Haftung und Gew\u00e4hrleistung in Bezug auf diese Inhalte aus. Wenn Sie sich entscheiden, auf solche Seiten zuzugreifen, tun Sie dies auf eigenes Risiko. Unsere Datenschutzrichtlinie deckt nicht die Informationspraktiken anderer Unternehmen und Organisationen ab, die f\u00fcr unsere Dienste werben und die m\u00f6glicherweise Cookies, Pixel-Tags und andere Technologien verwenden, um relevante Werbung zu schalten und anzubieten.<\/p>\n<p>Zusammenfassend l\u00e4sst sich sagen, dass ZestMeUp nur f\u00fcr seine eigene Website, Anwendung und Dienste verantwortlich ist.<\/p>\n<h4><strong>\u00c4nderungen<\/strong><\/h4>\n<p>Die Datenschutzrichtlinie von ZestMeUp kann sich im Laufe der Zeit \u00e4ndern. Wir werden Ihre Rechte im Rahmen dieser Datenschutzrichtlinie nicht ohne Ihre ausdr\u00fcckliche Zustimmung einschr\u00e4nken.<br \/>\nWir werden alle \u00c4nderungen an der Datenschutzrichtlinie auf dieser Seite ver\u00f6ffentlichen und, wenn die \u00c4nderungen erheblich sind, eine deutlichere Mitteilung machen.<\/p>\n<h4><strong>Kontaktieren Sie uns<\/strong><\/h4>\n<p>Sie haben die M\u00f6glichkeit, die pers\u00f6nlichen Daten, die Sie uns zur Verf\u00fcgung stellen, zu \u00fcberpr\u00fcfen, zu \u00e4ndern und zu korrigieren. Als registrierter Benutzer k\u00f6nnen Sie auf Ihr Konto oder andere pers\u00f6nliche Informationen zugreifen, sie korrigieren oder aktualisieren. Sie k\u00f6nnen auch verlangen, dass wir die Informationen, die Sie bei Ihrer Registrierung bei ZestMeUp angegeben haben, aus unseren Datenbanken entfernen, indem Sie uns unter <a href=\"mailto:support@zestmeup.com\">support@zestmeup.com<\/a>\u00a0kontaktieren.<\/p>\n<p>Fragen zu dieser Datenschutzerkl\u00e4rung oder zu den Datenschutzpraktiken der ZestMeUp-Website, -Anwendung und -Dienste k\u00f6nnen Sie per E-Mail an uns richten unter <a href=\"mailto:legal@zestmeup.com\">legal@zestmeup.com<\/a><\/p>\n","protected":false},"excerpt":{"rendered":"<p>Erfasste Daten Sie k\u00f6nnen die Website von ZestMeUp besuchen, ohne sich zu identifizieren oder pers\u00f6nliche Informationen preiszugeben. Wenn Sie jedoch Informationen anfordern oder sich f\u00fcr die Dienste von ZestMeUp registrieren lassen, werden Sie m\u00f6glicherweise aufgefordert, wesentliche Angaben zu Ihrer Person, Ihrem Unternehmen und\/oder Ihren beruflichen Interessen zu machen. Da ZestMeUp seinen Sitz in Frankreich hat, [&hellip;]<\/p>\n","protected":false},"author":1,"featured_media":0,"parent":0,"menu_order":0,"comment_status":"closed","ping_status":"closed","template":"page-templates\/t-c-page.php","meta":{"inline_featured_image":false,"footnotes":""},"class_list":["post-31","page","type-page","status-publish","hentry"],"_links":{"self":[{"href":"https:\/\/zestmeup.com\/de\/wp-json\/wp\/v2\/pages\/31","targetHints":{"allow":["GET"]}}],"collection":[{"href":"https:\/\/zestmeup.com\/de\/wp-json\/wp\/v2\/pages"}],"about":[{"href":"https:\/\/zestmeup.com\/de\/wp-json\/wp\/v2\/types\/page"}],"author":[{"embeddable":true,"href":"https:\/\/zestmeup.com\/de\/wp-json\/wp\/v2\/users\/1"}],"replies":[{"embeddable":true,"href":"https:\/\/zestmeup.com\/de\/wp-json\/wp\/v2\/comments?post=31"}],"version-history":[{"count":11,"href":"https:\/\/zestmeup.com\/de\/wp-json\/wp\/v2\/pages\/31\/revisions"}],"predecessor-version":[{"id":12856,"href":"https:\/\/zestmeup.com\/de\/wp-json\/wp\/v2\/pages\/31\/revisions\/12856"}],"wp:attachment":[{"href":"https:\/\/zestmeup.com\/de\/wp-json\/wp\/v2\/media?parent=31"}],"curies":[{"name":"wp","href":"https:\/\/api.w.org\/{rel}","templated":true}]}}