{"id":7932,"date":"2021-08-06T13:46:33","date_gmt":"2021-08-06T11:46:33","guid":{"rendered":"https:\/\/zestmeup.com\/?page_id=7932"},"modified":"2022-06-14T16:19:26","modified_gmt":"2022-06-14T14:19:26","slug":"urlaubslektuere-fuer-fuehrungskraefte","status":"publish","type":"page","link":"https:\/\/zestmeup.com\/de\/urlaubslektuere-fuer-fuehrungskraefte\/","title":{"rendered":"Urlaubslekt\u00fcre f\u00fcr F\u00fchrungskr\u00e4fte"},"content":{"rendered":"","protected":false},"excerpt":{"rendered":"","protected":false},"author":15,"featured_media":0,"parent":0,"menu_order":0,"comment_status":"closed","ping_status":"closed","template":"page-templates\/livre-blanc-page.php","meta":{"inline_featured_image":false,"footnotes":""},"class_list":["post-7932","page","type-page","status-publish","hentry"],"_links":{"self":[{"href":"https:\/\/zestmeup.com\/de\/wp-json\/wp\/v2\/pages\/7932","targetHints":{"allow":["GET"]}}],"collection":[{"href":"https:\/\/zestmeup.com\/de\/wp-json\/wp\/v2\/pages"}],"about":[{"href":"https:\/\/zestmeup.com\/de\/wp-json\/wp\/v2\/types\/page"}],"author":[{"embeddable":true,"href":"https:\/\/zestmeup.com\/de\/wp-json\/wp\/v2\/users\/15"}],"replies":[{"embeddable":true,"href":"https:\/\/zestmeup.com\/de\/wp-json\/wp\/v2\/comments?post=7932"}],"version-history":[{"count":1,"href":"https:\/\/zestmeup.com\/de\/wp-json\/wp\/v2\/pages\/7932\/revisions"}],"predecessor-version":[{"id":7933,"href":"https:\/\/zestmeup.com\/de\/wp-json\/wp\/v2\/pages\/7932\/revisions\/7933"}],"wp:attachment":[{"href":"https:\/\/zestmeup.com\/de\/wp-json\/wp\/v2\/media?parent=7932"}],"curies":[{"name":"wp","href":"https:\/\/api.w.org\/{rel}","templated":true}]}}